{"id":111,"date":"2017-04-14T15:07:50","date_gmt":"2017-04-14T15:07:50","guid":{"rendered":"http:\/\/diktasyon.com.tr\/wordpress\/?page_id=111"},"modified":"2022-01-09T16:08:16","modified_gmt":"2022-01-09T16:08:16","slug":"dijital-diktasyon-nedir","status":"publish","type":"page","link":"https:\/\/diktasyon.com.tr\/?page_id=111","title":{"rendered":"Dijital Diktasyon"},"content":{"rendered":"<p>Olympus \u00fcr\u00fcnleri ile dijital dikte \u00e7ok kolayd\u0131r. Analog kayda g\u00f6re bir\u00e7ok avantajlar\u0131 mevcuttur.<\/p>\n<p>G\u00fcncel modellerimizden biri olan Olympus DS-7000 Ses Kaydedici kullanarak bir \u00f6rne\u011fi inceleyelim:<\/p>\n<p><b>Perdenin arkas\u0131nda ne oluyor merak ediyor musun?<\/b><\/p>\n<p><strong>\u0130\u015fte Detaylar:<\/strong><br \/>\n1. Her dikte cihaz\u0131 ki\u015fiselle\u015ftirilebilecektir. \u015eimdi sistem kimin, ne zaman kay\u0131t yapt\u0131\u011f\u0131n\u0131 bilecektir.<\/p>\n<p>2. Olympus dikte yaz\u0131l\u0131m\u0131 sisteminize kurulur. Herkesin bir hesab\u0131 vard\u0131r ve i\u015f ak\u0131\u015f\u0131 bellidir. Yaz\u0131l\u0131m b\u00fct\u00fcn bu opsiyonlar\u0131 sunar.<\/p>\n<p>3. Dikte bittikten sonra, dikte cihaz\u0131 k\u0131za\u011f\u0131na konur. B\u00fct\u00fcn dikteler otomatik aktar\u0131lacakt\u0131r. \u0130\u015f ak\u0131\u015f\u0131 burada takip edilir ve dikte cihaz\u0131nda dosyalar otomatik silinir.<\/p>\n<p>4. Sekreter dok\u00fcman\u0131 yaz\u0131ya d\u00f6ker. Yaz\u0131l\u0131m, sesi kulakl\u0131ktan veya hoparl\u00f6rden \u00e7alar. Sekreter kulakl\u0131kla dikteyi dinlerken ayak pedal\u0131 ile kontrol eder. Farkl\u0131 ton, h\u0131z ayar\u0131 se\u00e7enekler de mevcuttur. Biten i\u015fler otomatikman ilgili dosyalara eklenir.<\/p>\n<p>5. Biten dok\u00fcman otomatikman dikteyi yapana g\u00f6nderilir. Dosyalar\u0131 a\u011f, ftp veya e-posta olarak payla\u015fmak m\u00fcmk\u00fcnd\u00fcr.<\/p>\n<p>6. B\u00fct\u00fcn yaz\u0131l\u0131mlar kolayca kurulur, y\u00f6netilir ve g\u00fcncellenir.<\/p>\n<p><strong>G\u00fcvenebilece\u011finiz profesyonel \u00e7\u00f6z\u00fcmler<\/strong><br \/>\nKafan\u0131z rahat olsun. 21nci y\u00fczy\u0131lda, bir\u00e7ok d\u00fczeyde yat\u0131r\u0131m\u0131n\u0131z\u0131 koruman\u0131z \u00f6nemlidir. G\u00fcven vazge\u00e7ilmezdir &#8211; hem siz hem de m\u00fc\u015fterileriniz i\u00e7in. Prof. Dikte Sistemleri kafan\u0131z\u0131n rahat olmas\u0131 i\u00e7in size bir\u00e7ok f\u0131rsat sunar.<\/p>\n<p><strong>Ger\u00e7ekten \u00f6nemli olanlar<\/strong><br \/>\nOlympus sundu\u011fu her \u00e7\u00f6z\u00fcm\u00fcn \u00e7ok sa\u011flam oldu\u011funu bilmekten gurur duyar. Her par\u00e7a beklentileri a\u015fan ve ger\u00e7ekten \u00f6nemli olanlara odaklanman\u0131z\u0131 sa\u011flayan teknolojilerin bir \u00f6rne\u011fidir.<\/p>\n<p><strong>En son standartlar<\/strong><br \/>\nEnd\u00fcstri standart\u0131 olan DSS teknolojisinin mimarlar\u0131ndan biri olan Olympus, DSS Pro format\u0131 ile transkript ve ses tan\u0131ma i\u00e7in kristal berrakl\u0131\u011f\u0131nda ses kalitesi sunar. Buna ek olarak, kay\u0131tlar\u0131 kay\u0131p olmadan ar\u015fiv yapabilirsiniz.<\/p>\n<p><strong>Veri g\u00fcvenli\u011fi<\/strong><br \/>\nBir\u00e7ok profesyonel i\u00e7in, ses verisi gizlidir. Bug\u00fcn\u00fcn d\u00fcnyas\u0131nda, gizlilik her \u015feyden daha \u00f6nemlidir. Ba\u015flang\u0131\u00e7 olarak, sistem a\u011f mimarinize entegre edilebilir. Depolanan kay\u0131tlar ise \u00f6zel ID dosyalar\u0131 ile kilitlenebilir. Ayr\u0131ca dikte cihazlar\u0131nda kontroller yanl\u0131\u015fl\u0131kla dosya silmenizi imkans\u0131z hale getirir.<\/p>\n<p>Ek olarak, Profesyonel Dikte \u00c7\u00f6z\u00fcmleri, g\u00fcvenlik kilidi, \u015fifre eri\u015fimi, dosyalar\u0131 \u015fifreleme gibi y\u00fcksek teknolojilere sahiptir. M\u00fckemmel gizlilik i\u00e7in, biometrik parmak izi sistemi dosyalar\u0131n\u0131za tam koruma sa\u011flayabilir.<\/p>\n","protected":false},"excerpt":{"rendered":"<p>Olympus \u00fcr\u00fcnleri ile dijital dikte \u00e7ok kolayd\u0131r. Analog kayda g\u00f6re bir\u00e7ok avantajlar\u0131 mevcuttur. G\u00fcncel modellerimizden&#8230;<\/p>\n<div class=\"more-link-wrapper\"><a class=\"more-link\" href=\"https:\/\/diktasyon.com.tr\/?page_id=111\">DETAYLAR<span class=\"screen-reader-text\">Dijital Diktasyon<\/span><\/a><\/div>\n","protected":false},"author":2,"featured_media":0,"parent":0,"menu_order":0,"comment_status":"closed","ping_status":"closed","template":"","meta":{"footnotes":""},"class_list":["post-111","page","type-page","status-publish","hentry","excerpt","zoom","full-without-featured","even","excerpt-0"],"aioseo_notices":[],"_links":{"self":[{"href":"https:\/\/diktasyon.com.tr\/index.php?rest_route=\/wp\/v2\/pages\/111","targetHints":{"allow":["GET"]}}],"collection":[{"href":"https:\/\/diktasyon.com.tr\/index.php?rest_route=\/wp\/v2\/pages"}],"about":[{"href":"https:\/\/diktasyon.com.tr\/index.php?rest_route=\/wp\/v2\/types\/page"}],"author":[{"embeddable":true,"href":"https:\/\/diktasyon.com.tr\/index.php?rest_route=\/wp\/v2\/users\/2"}],"replies":[{"embeddable":true,"href":"https:\/\/diktasyon.com.tr\/index.php?rest_route=%2Fwp%2Fv2%2Fcomments&post=111"}],"version-history":[{"count":7,"href":"https:\/\/diktasyon.com.tr\/index.php?rest_route=\/wp\/v2\/pages\/111\/revisions"}],"predecessor-version":[{"id":611,"href":"https:\/\/diktasyon.com.tr\/index.php?rest_route=\/wp\/v2\/pages\/111\/revisions\/611"}],"wp:attachment":[{"href":"https:\/\/diktasyon.com.tr\/index.php?rest_route=%2Fwp%2Fv2%2Fmedia&parent=111"}],"curies":[{"name":"wp","href":"https:\/\/api.w.org\/{rel}","templated":true}]}}