{"id":136,"date":"2017-02-16T11:40:17","date_gmt":"2017-02-16T11:40:17","guid":{"rendered":"http:\/\/diktasyon.com.tr\/wordpress\/?page_id=136"},"modified":"2019-03-11T18:48:24","modified_gmt":"2019-03-11T18:48:24","slug":"satin-al","status":"publish","type":"page","link":"https:\/\/diktasyon.com.tr\/?page_id=136","title":{"rendered":"Sat\u0131n Al"},"content":{"rendered":"<p style=\"text-align: center;\">Distrib\u00fct\u00f6r\u00fc oldu\u011fumuz Olympus Dikte \u00fcr\u00fcnleri ve daha fazlas\u0131n\u0131 yine bir Erdem Elektronik\u00a0giri\u015fimi olan\u00a0<a href=\"http:\/\/www.olympusmarket.com\" target=\"_blank\" rel=\"noopener noreferrer\">OLYMPUS MARKET INTERNET MA\u011eAZASI<\/a>\u00a0\u00fczerinden sat\u0131n alabilirsiniz.<\/p>\n<ul>\n<li style=\"list-style-type: none;\"><\/li>\n<\/ul>\n","protected":false},"excerpt":{"rendered":"<p>Distrib\u00fct\u00f6r\u00fc oldu\u011fumuz Olympus Dikte \u00fcr\u00fcnleri ve daha fazlas\u0131n\u0131 yine bir Erdem Elektronik\u00a0giri\u015fimi olan\u00a0OLYMPUS MARKET INTERNET&#8230;<\/p>\n<div class=\"more-link-wrapper\"><a class=\"more-link\" href=\"https:\/\/diktasyon.com.tr\/?page_id=136\">DETAYLAR<span class=\"screen-reader-text\">Sat\u0131n Al<\/span><\/a><\/div>\n","protected":false},"author":2,"featured_media":0,"parent":0,"menu_order":0,"comment_status":"closed","ping_status":"closed","template":"","meta":{"footnotes":""},"class_list":["post-136","page","type-page","status-publish","hentry","excerpt","zoom","full-without-featured","even","excerpt-0"],"aioseo_notices":[],"_links":{"self":[{"href":"https:\/\/diktasyon.com.tr\/index.php?rest_route=\/wp\/v2\/pages\/136","targetHints":{"allow":["GET"]}}],"collection":[{"href":"https:\/\/diktasyon.com.tr\/index.php?rest_route=\/wp\/v2\/pages"}],"about":[{"href":"https:\/\/diktasyon.com.tr\/index.php?rest_route=\/wp\/v2\/types\/page"}],"author":[{"embeddable":true,"href":"https:\/\/diktasyon.com.tr\/index.php?rest_route=\/wp\/v2\/users\/2"}],"replies":[{"embeddable":true,"href":"https:\/\/diktasyon.com.tr\/index.php?rest_route=%2Fwp%2Fv2%2Fcomments&post=136"}],"version-history":[{"count":1,"href":"https:\/\/diktasyon.com.tr\/index.php?rest_route=\/wp\/v2\/pages\/136\/revisions"}],"predecessor-version":[{"id":545,"href":"https:\/\/diktasyon.com.tr\/index.php?rest_route=\/wp\/v2\/pages\/136\/revisions\/545"}],"wp:attachment":[{"href":"https:\/\/diktasyon.com.tr\/index.php?rest_route=%2Fwp%2Fv2%2Fmedia&parent=136"}],"curies":[{"name":"wp","href":"https:\/\/api.w.org\/{rel}","templated":true}]}}