{"id":148,"date":"2017-04-11T11:59:14","date_gmt":"2017-04-11T11:59:14","guid":{"rendered":"http:\/\/diktasyon.com.tr\/wordpress\/?page_id=148"},"modified":"2022-01-23T11:51:29","modified_gmt":"2022-01-23T11:51:29","slug":"teknik-destek","status":"publish","type":"page","link":"https:\/\/diktasyon.com.tr\/?page_id=148","title":{"rendered":"KILAVUZLAR"},"content":{"rendered":"<p><strong>Teknik Servis:<\/strong><br \/>\nOlympus Dikte ve Aksesuarlar\u0131n\u0131n Teknik Deste\u011fi ve Servis Talebi i\u00e7in:<br \/>\nL\u00fctfen Firmam\u0131z ile irtibata ge\u00e7iniz<br \/>\ne-posta: <a href=\"mailto:info@erdemelektronik.com\">info@erdemelektronik.com<\/a><br \/>\nTel: 0 216 575 86 55<\/p>\n<p><strong>Olympus Dikte Cihazlar\u0131 Kullanma K\u0131lavuzlar\u0131:<\/strong><\/p>\n<ul>\n<li><a href=\"http:\/\/diktasyon.com.tr\/wp-content\/uploads\/2022\/01\/DS-2600_MANUAL_TR.pdf\">YEN\u0130! DS-2600<\/a>-2<\/li>\n<li><a href=\"http:\/\/diktasyon.com.tr\/wp-content\/uploads\/2022\/01\/DS-2600_MANUAL_TR.pdf\">YEN\u0130! DS-2600<\/a><\/li>\n<li><a href=\"http:\/\/diktasyon.com.tr\/wp-content\/uploads\/2022\/01\/DS-9500_DS-9000_MANUAL_TR.pdf\">YEN\u0130! DS-9000<\/a><\/li>\n<li><a href=\"http:\/\/diktasyon.com.tr\/wp-content\/uploads\/2022\/01\/RecMic_II_GuideTR.pdf\">YEN\u0130! RecMic II Serisi (4010P, 4015P, 4100S, 4110S<\/a><\/li>\n<li><a href=\"http:\/\/diktasyon.com.tr\/wp-content\/uploads\/2022\/01\/DR-1200_2100_2200_2300_TURKCE.pdf\">DR-2200 ve DR-2300<\/a><\/li>\n<li><a href=\"http:\/\/diktasyon.com.tr\/wp-content\/uploads\/2022\/01\/AUDIO_Olympus_Patoloji_Kiti.pdf\">Olympus Patoloji Kiti (DS-3500 + RS-31H + CR-15)<\/a><\/li>\n<li><a href=\"http:\/\/diktasyon.com.tr\/wp-content\/uploads\/2022\/01\/SilverPro-Kit-D-T-Kit_SDS_Flyer_TR.pdf\">Silver Pro Kit<\/a><\/li>\n<li><a href=\"http:\/\/diktasyon.com.tr\/wp-content\/uploads\/2022\/01\/AUDIO_DS-2500_TURKCE.pdf\">DS-2500<\/a><\/li>\n<li><a href=\"http:\/\/diktasyon.com.tr\/wp-content\/uploads\/2022\/01\/DS-3500_DS-7000-Flyer-TR.pdf\">DS-3500<\/a><\/li>\n<li><a href=\"http:\/\/diktasyon.com.tr\/wp-content\/uploads\/2022\/01\/DS-3500_DS-7000-Flyer-TR.pdf\">DS-7000<\/a><\/li>\n<li><a href=\"http:\/\/diktasyon.com.tr\/wp-content\/uploads\/2022\/01\/DM-720_TR.pdf\">DM-720<\/a><\/li>\n<li><a href=\"http:\/\/diktasyon.com.tr\/wp-content\/uploads\/2022\/01\/RS31H_RS28H_TR.pdf\">RS-28H\/31H<\/a><\/li>\n<\/ul>\n<p><strong>Olympus Dikte Yaz\u0131l\u0131mlar\u0131<\/strong><\/p>\n<ul>\n<li><a href=\"https:\/\/www.opdsupport.com\/downloads\/software\/utilities\/1951-recmic-configuration-tool-1-0-3\/download\">Olympus DR Serisi Dikte Mikrofonu Cihaz Yap\u0131land\u0131rma Yaz\u0131l\u0131m\u0131 (T\u00fcrk\u00e7e G\u00fcncellemesi ile birlikte)<\/a><\/li>\n<li><a href=\"https:\/\/www.opdsupport.com\/downloads\/software\/dss-player-standard\/client\/2040-dss-player-standard-release-211\/download\">Olympus DSS Player Standart (Lisans Gerektirir)<\/a><\/li>\n<li><a href=\"https:\/\/download.aws.olympus.eu\/consumer\/software\/audio\/ODMS_Client_v6.4.0.zip\">Olympus ODMS Client Version (Lisans Gerektirir)<\/a><\/li>\n<li><a href=\"https:\/\/www.opdsupport.com\/downloads\/software\/utilities\/1978-footswitch-configuration-tool-1-0-1-win\/download\">Olympus Ayak Pedal\u0131 Ayar Yaz\u0131l\u0131m\u0131 S\u00fcr\u00fcm V1.0.1<\/a><\/li>\n<li><a href=\"https:\/\/download.aws.olympus.eu\/consumer\/software\/audio\/DSS_Player_Lite-2.1.1.exe\">Olympus DSS Player Lite (DSS Format\u0131nda Ses Dosyas\u0131 Oynat\u0131c\u0131)<\/a><\/li>\n<\/ul>\n","protected":false},"excerpt":{"rendered":"<p>Teknik Servis: Olympus Dikte ve Aksesuarlar\u0131n\u0131n Teknik Deste\u011fi ve Servis Talebi i\u00e7in: L\u00fctfen Firmam\u0131z ile&#8230;<\/p>\n<div class=\"more-link-wrapper\"><a class=\"more-link\" href=\"https:\/\/diktasyon.com.tr\/?page_id=148\">DETAYLAR<span class=\"screen-reader-text\">KILAVUZLAR<\/span><\/a><\/div>\n","protected":false},"author":2,"featured_media":0,"parent":0,"menu_order":0,"comment_status":"closed","ping_status":"closed","template":"","meta":{"footnotes":""},"class_list":["post-148","page","type-page","status-publish","hentry","excerpt","zoom","full-without-featured","even","excerpt-0"],"aioseo_notices":[],"_links":{"self":[{"href":"https:\/\/diktasyon.com.tr\/index.php?rest_route=\/wp\/v2\/pages\/148","targetHints":{"allow":["GET"]}}],"collection":[{"href":"https:\/\/diktasyon.com.tr\/index.php?rest_route=\/wp\/v2\/pages"}],"about":[{"href":"https:\/\/diktasyon.com.tr\/index.php?rest_route=\/wp\/v2\/types\/page"}],"author":[{"embeddable":true,"href":"https:\/\/diktasyon.com.tr\/index.php?rest_route=\/wp\/v2\/users\/2"}],"replies":[{"embeddable":true,"href":"https:\/\/diktasyon.com.tr\/index.php?rest_route=%2Fwp%2Fv2%2Fcomments&post=148"}],"version-history":[{"count":17,"href":"https:\/\/diktasyon.com.tr\/index.php?rest_route=\/wp\/v2\/pages\/148\/revisions"}],"predecessor-version":[{"id":629,"href":"https:\/\/diktasyon.com.tr\/index.php?rest_route=\/wp\/v2\/pages\/148\/revisions\/629"}],"wp:attachment":[{"href":"https:\/\/diktasyon.com.tr\/index.php?rest_route=%2Fwp%2Fv2%2Fmedia&parent=148"}],"curies":[{"name":"wp","href":"https:\/\/api.w.org\/{rel}","templated":true}]}}