{"id":211,"date":"2017-04-12T09:32:02","date_gmt":"2017-04-12T09:32:02","guid":{"rendered":"http:\/\/diktasyon.com.tr\/wordpress\/?page_id=211"},"modified":"2018-08-23T11:19:45","modified_gmt":"2018-08-23T11:19:45","slug":"e-katalog","status":"publish","type":"page","link":"https:\/\/diktasyon.com.tr\/?page_id=211","title":{"rendered":"E-Bro\u015f\u00fcr"},"content":{"rendered":"<p>YEN\u0130!: OLYMPUS DS-2600 Diktasyon Cihaz\u0131 Bro\u015f\u00fcr<\/p>\n\r\n<!--change the width and height value as you want.--> \r\n<!-- Do change \"index.htm\" to your real html name of the flippingbook--> \r\n<iframe  style=\"width:100%;height:450px\"  src=\"http:\/\/diktasyon.com.tr\/wp-content\/uploads\/flipbook\/8\/book.html\"  seamless=\"seamless\" scrolling=\"no\" frameborder=\"0\" allowtransparency=\"true\" allowfullscreen mozallowfullscreen  webkitallowfullscreen ><\/iframe>\r\n\n<p>YEN\u0130!: OLYMPUS DS-9000 Diktasyon Cihaz\u0131 Bro\u015f\u00fcr<\/p>\n\r\n<!--change the width and height value as you want.--> \r\n<!-- Do change \"index.htm\" to your real html name of the flippingbook--> \r\n<iframe  style=\"width:100%;height:450px\"  src=\"http:\/\/diktasyon.com.tr\/wp-content\/uploads\/flipbook\/6\/book.html\"  seamless=\"seamless\" scrolling=\"no\" frameborder=\"0\" allowtransparency=\"true\" allowfullscreen mozallowfullscreen  webkitallowfullscreen ><\/iframe>\r\n\n<p>OLYMPUS DR-2200 Masa\u00fcst\u00fc Ses Kay\u0131t Cihaz\u0131 Bro\u015f\u00fcr<\/p>\n\r\n<!--change the width and height value as you want.--> \r\n<!-- Do change \"index.htm\" to your real html name of the flippingbook--> \r\n<iframe  style=\"width:100%;height:450px\"  src=\"http:\/\/diktasyon.com.tr\/wp-content\/uploads\/flipbook\/1\/book.html\"  seamless=\"seamless\" scrolling=\"no\" frameborder=\"0\" allowtransparency=\"true\" allowfullscreen mozallowfullscreen  webkitallowfullscreen ><\/iframe>\r\n\n<p>OLYMPUS Silver Pro Kit Diktasyon Kiti Bro\u015f\u00fcr<\/p>\n\r\n<!--change the width and height value as you want.--> \r\n<!-- Do change \"index.htm\" to your real html name of the flippingbook--> \r\n<iframe  style=\"width:100%;height:450px\"  src=\"http:\/\/diktasyon.com.tr\/wp-content\/uploads\/flipbook\/3\/book.html\"  seamless=\"seamless\" scrolling=\"no\" frameborder=\"0\" allowtransparency=\"true\" allowfullscreen mozallowfullscreen  webkitallowfullscreen ><\/iframe>\r\n\n<p>OLYMPUS DS-7000 ve DS-3500 Diktasyon Cihazlar\u0131 Bro\u015f\u00fcr<\/p>\n\r\n<!--change the width and height value as you want.--> \r\n<!-- Do change \"index.htm\" to your real html name of the flippingbook--> \r\n<iframe  style=\"width:100%;height:450px\"  src=\"http:\/\/diktasyon.com.tr\/wp-content\/uploads\/flipbook\/4\/book.html\"  seamless=\"seamless\" scrolling=\"no\" frameborder=\"0\" allowtransparency=\"true\" allowfullscreen mozallowfullscreen  webkitallowfullscreen ><\/iframe>\r\n\n<p>OLYMPUS AS-7000 Yaz\u0131ya D\u00f6kme (Transkript) Cihaz\u0131 Bro\u015f\u00fcr<\/p>\n\r\n<!--change the width and height value as you want.--> \r\n<!-- Do change \"index.htm\" to your real html name of the flippingbook--> \r\n<iframe  style=\"width:100%;height:450px\"  src=\"http:\/\/diktasyon.com.tr\/wp-content\/uploads\/flipbook\/5\/book.html\"  seamless=\"seamless\" scrolling=\"no\" frameborder=\"0\" allowtransparency=\"true\" allowfullscreen mozallowfullscreen  webkitallowfullscreen ><\/iframe>\r\n\n","protected":false},"excerpt":{"rendered":"<p>YEN\u0130!: OLYMPUS DS-2600 Diktasyon Cihaz\u0131 Bro\u015f\u00fcr YEN\u0130!: OLYMPUS DS-9000 Diktasyon Cihaz\u0131 Bro\u015f\u00fcr OLYMPUS DR-2200 Masa\u00fcst\u00fc&#8230;<\/p>\n<div class=\"more-link-wrapper\"><a class=\"more-link\" href=\"https:\/\/diktasyon.com.tr\/?page_id=211\">DETAYLAR<span class=\"screen-reader-text\">E-Bro\u015f\u00fcr<\/span><\/a><\/div>\n","protected":false},"author":2,"featured_media":0,"parent":0,"menu_order":0,"comment_status":"closed","ping_status":"closed","template":"","meta":{"footnotes":""},"class_list":["post-211","page","type-page","status-publish","hentry","excerpt","zoom","full-without-featured","even","excerpt-0"],"aioseo_notices":[],"_links":{"self":[{"href":"https:\/\/diktasyon.com.tr\/index.php?rest_route=\/wp\/v2\/pages\/211","targetHints":{"allow":["GET"]}}],"collection":[{"href":"https:\/\/diktasyon.com.tr\/index.php?rest_route=\/wp\/v2\/pages"}],"about":[{"href":"https:\/\/diktasyon.com.tr\/index.php?rest_route=\/wp\/v2\/types\/page"}],"author":[{"embeddable":true,"href":"https:\/\/diktasyon.com.tr\/index.php?rest_route=\/wp\/v2\/users\/2"}],"replies":[{"embeddable":true,"href":"https:\/\/diktasyon.com.tr\/index.php?rest_route=%2Fwp%2Fv2%2Fcomments&post=211"}],"version-history":[{"count":10,"href":"https:\/\/diktasyon.com.tr\/index.php?rest_route=\/wp\/v2\/pages\/211\/revisions"}],"predecessor-version":[{"id":539,"href":"https:\/\/diktasyon.com.tr\/index.php?rest_route=\/wp\/v2\/pages\/211\/revisions\/539"}],"wp:attachment":[{"href":"https:\/\/diktasyon.com.tr\/index.php?rest_route=%2Fwp%2Fv2%2Fmedia&parent=211"}],"curies":[{"name":"wp","href":"https:\/\/api.w.org\/{rel}","templated":true}]}}