{"id":221,"date":"2017-04-13T08:17:10","date_gmt":"2017-04-13T08:17:10","guid":{"rendered":"http:\/\/diktasyon.com.tr\/wordpress\/?page_id=221"},"modified":"2018-02-21T09:11:18","modified_gmt":"2018-02-21T09:11:18","slug":"referanslarimiz","status":"publish","type":"page","link":"https:\/\/diktasyon.com.tr\/?page_id=221","title":{"rendered":"Referanslar\u0131m\u0131z"},"content":{"rendered":"<p><strong>SA\u011eLIK KURUMLARI:<\/strong><br \/>\n* SB\u00dc Sultan Abd\u00fclhamid Han E\u011fitim ve Ara\u015ft\u0131rma Hastanesi (GATA)<br \/>\n* Amerikan Hastanesi<br \/>\n* Okan \u00dcniversitesi<br \/>\n* Kahramanmara\u015f Necip Faz\u0131l \u015eehir Hastanesi<br \/>\n* Silifke Devlet Hastanesi<br \/>\n* Kar\u015f\u0131yaka Devlet Hastanesi<br \/>\n* Gazi \u00dcniversitesi Hastanesi<br \/>\n* Samsun 19 May\u0131s \u00dcniversite Hastanesi<br \/>\n* Okmeydan\u0131 E\u011fitim Ara\u015ft\u0131rma Hastanesi<br \/>\n* Akademik Hospital<br \/>\n* \u00d6zel Patara Sa\u011fl\u0131k Hizmetleri Ltd. \u015eti.<br \/>\n* Sina \u00d6zel Sa\u011fl\u0131k A.\u015e.<br \/>\n* Burton Medikal<br \/>\n* Ad\u0131yaman \u00dcniversitesi E\u011fitim Ara\u015ft\u0131rma Hastanesi<br \/>\n* Sakarya Devlet Hastanesi<br \/>\n* Afyon Karahisar Devlet Hastanesi<br \/>\n* Ankara \u00c7ocuk Hastanesi<br \/>\n* Avrasya Hospital<br \/>\n* Bay\u0131nd\u0131r Hastaneleri<br \/>\n* Berkay Sa\u011fl\u0131k Hizmetleri<\/p>\n<p><strong>ADL\u0130 KURUMLAR:<\/strong><br \/>\n* Adana Ba\u015f Savc\u0131l\u0131\u011f\u0131<br \/>\n* Bursa Ba\u015f Savc\u0131l\u0131\u011f\u0131<br \/>\n* Ankara Adliyesi<\/p>\n<p><strong>\u00d6ZEL SEKT\u00d6R:<\/strong><br \/>\n* Anadolu End\u00fcstri Holding<br \/>\n* Anel Elektronik<br \/>\n* Anadolu Sigorta<\/p>\n","protected":false},"excerpt":{"rendered":"<p>SA\u011eLIK KURUMLARI: * SB\u00dc Sultan Abd\u00fclhamid Han E\u011fitim ve Ara\u015ft\u0131rma Hastanesi (GATA) * Amerikan Hastanesi&#8230;<\/p>\n<div class=\"more-link-wrapper\"><a class=\"more-link\" href=\"https:\/\/diktasyon.com.tr\/?page_id=221\">DETAYLAR<span class=\"screen-reader-text\">Referanslar\u0131m\u0131z<\/span><\/a><\/div>\n","protected":false},"author":2,"featured_media":0,"parent":0,"menu_order":0,"comment_status":"closed","ping_status":"closed","template":"","meta":{"footnotes":""},"class_list":["post-221","page","type-page","status-publish","hentry","excerpt","zoom","full-without-featured","even","excerpt-0"],"aioseo_notices":[],"_links":{"self":[{"href":"https:\/\/diktasyon.com.tr\/index.php?rest_route=\/wp\/v2\/pages\/221","targetHints":{"allow":["GET"]}}],"collection":[{"href":"https:\/\/diktasyon.com.tr\/index.php?rest_route=\/wp\/v2\/pages"}],"about":[{"href":"https:\/\/diktasyon.com.tr\/index.php?rest_route=\/wp\/v2\/types\/page"}],"author":[{"embeddable":true,"href":"https:\/\/diktasyon.com.tr\/index.php?rest_route=\/wp\/v2\/users\/2"}],"replies":[{"embeddable":true,"href":"https:\/\/diktasyon.com.tr\/index.php?rest_route=%2Fwp%2Fv2%2Fcomments&post=221"}],"version-history":[{"count":1,"href":"https:\/\/diktasyon.com.tr\/index.php?rest_route=\/wp\/v2\/pages\/221\/revisions"}],"predecessor-version":[{"id":383,"href":"https:\/\/diktasyon.com.tr\/index.php?rest_route=\/wp\/v2\/pages\/221\/revisions\/383"}],"wp:attachment":[{"href":"https:\/\/diktasyon.com.tr\/index.php?rest_route=%2Fwp%2Fv2%2Fmedia&parent=221"}],"curies":[{"name":"wp","href":"https:\/\/api.w.org\/{rel}","templated":true}]}}